{"id":18,"date":"2010-04-16T21:22:41","date_gmt":"2010-04-16T21:22:41","guid":{"rendered":"http:\/\/www.gl38.fr\/blog\/?page_id=18"},"modified":"2010-04-17T07:04:36","modified_gmt":"2010-04-17T07:04:36","slug":"sur-les-ondes","status":"publish","type":"page","link":"https:\/\/www.gl38.fr\/blog\/sur-les-ondes\/","title":{"rendered":"Sur les ondes"},"content":{"rendered":"<p><img decoding=\"async\" src=\"http:\/\/www.musee-en-musique.com\/images\/Pascale_Galliard.jpg\" alt=\"Pascale Galliard\" width=\"140\"><br \/>\n<img decoding=\"async\" src=\"http:\/\/turner\/museeenmusique09-10\/img\/local_isere.jpg\" alt=France Bleu Is\u00e8re\"><br \/>\nsur France Bleu Is\u00e8re<\/a> (98.2 ou 102.8) ou sur internet.<br \/>\nL&rsquo;instant classique et son agenda propos\u00e9 par Pascale Galliard chaque samedi \u00e0 8h54.<\/p>\n<p>\u00c0 r\u00e9\u00e9couter toute la semaine sur le <a href=\"http:\/\/sites.radiofrance.fr\/chaines\/france-bleu\/?nr=9007dc8d18be77b634915139c052712b&#038;22e4dc3fa08e36dd6f5e2dfb11e83970_container_id=55763&#038;22e4dc3fa08e36dd6f5e2dfb11e83970_container_mode=#\">site de France Bleu Is\u00e8re <\/a><\/p>\n","protected":false},"excerpt":{"rendered":"","protected":false},"author":1,"featured_media":0,"parent":0,"menu_order":0,"comment_status":"open","ping_status":"open","template":"","meta":{"footnotes":""},"class_list":["post-18","page","type-page","status-publish","hentry"],"_links":{"self":[{"href":"https:\/\/www.gl38.fr\/blog\/wp-json\/wp\/v2\/pages\/18"}],"collection":[{"href":"https:\/\/www.gl38.fr\/blog\/wp-json\/wp\/v2\/pages"}],"about":[{"href":"https:\/\/www.gl38.fr\/blog\/wp-json\/wp\/v2\/types\/page"}],"author":[{"embeddable":true,"href":"https:\/\/www.gl38.fr\/blog\/wp-json\/wp\/v2\/users\/1"}],"replies":[{"embeddable":true,"href":"https:\/\/www.gl38.fr\/blog\/wp-json\/wp\/v2\/comments?post=18"}],"version-history":[{"count":1,"href":"https:\/\/www.gl38.fr\/blog\/wp-json\/wp\/v2\/pages\/18\/revisions"}],"predecessor-version":[{"id":19,"href":"https:\/\/www.gl38.fr\/blog\/wp-json\/wp\/v2\/pages\/18\/revisions\/19"}],"wp:attachment":[{"href":"https:\/\/www.gl38.fr\/blog\/wp-json\/wp\/v2\/media?parent=18"}],"curies":[{"name":"wp","href":"https:\/\/api.w.org\/{rel}","templated":true}]}}