{"id":2,"date":"2010-04-14T19:36:32","date_gmt":"2010-04-14T19:36:32","guid":{"rendered":"http:\/\/www.gl38.fr\/blog\/?page_id=2"},"modified":"2010-04-15T14:39:51","modified_gmt":"2010-04-15T14:39:51","slug":"a-propos","status":"publish","type":"page","link":"https:\/\/www.gl38.fr\/blog\/a-propos\/","title":{"rendered":"\u00c0 propos"},"content":{"rendered":"<p>De saison en saison, vous \u00eates nombreux \u00e0 exprimer votre plaisir en sortant de l&rsquo;auditorium du Mus\u00e9e. C&rsquo;est pour vous et pour tous ceux qui ne connaissent pas encore ces concerts que nous avons imagin\u00e9 une programmation destin\u00e9e \u00e0 vous s\u00e9duire une nouvelle fois en 2009-2010.<br \/>\nAlors, chers lecteurs, partez \u00e0 la d\u00e9couverte de l&rsquo;univers musical que nous avons cr\u00e9\u00e9, humez le d\u00e9licat parfum de la saison musicale du Mus\u00e9e de Grenoble et soyez curieux passionn\u00e9ment&#8230;<\/p>\n<p><strong>Pascale Galliard<\/strong>, Pr\u00e9sidente <\/p>\n","protected":false},"excerpt":{"rendered":"<p>De saison en saison, vous \u00eates nombreux \u00e0 exprimer votre plaisir en sortant de l&rsquo;auditorium du Mus\u00e9e. C&rsquo;est pour vous et pour tous ceux qui ne connaissent pas encore ces concerts que nous avons imagin\u00e9 une programmation destin\u00e9e \u00e0 vous s\u00e9duire une nouvelle fois en 2009-2010. Alors, chers lecteurs, partez \u00e0 la d\u00e9couverte de l&rsquo;univers &hellip; <a href=\"https:\/\/www.gl38.fr\/blog\/a-propos\/\" class=\"more-link\">Continuer la lecture de <span class=\"screen-reader-text\">\u00c0 propos<\/span> <span class=\"meta-nav\">&rarr;<\/span><\/a><\/p>\n","protected":false},"author":1,"featured_media":0,"parent":0,"menu_order":0,"comment_status":"open","ping_status":"open","template":"","meta":{"footnotes":""},"class_list":["post-2","page","type-page","status-publish","hentry"],"_links":{"self":[{"href":"https:\/\/www.gl38.fr\/blog\/wp-json\/wp\/v2\/pages\/2"}],"collection":[{"href":"https:\/\/www.gl38.fr\/blog\/wp-json\/wp\/v2\/pages"}],"about":[{"href":"https:\/\/www.gl38.fr\/blog\/wp-json\/wp\/v2\/types\/page"}],"author":[{"embeddable":true,"href":"https:\/\/www.gl38.fr\/blog\/wp-json\/wp\/v2\/users\/1"}],"replies":[{"embeddable":true,"href":"https:\/\/www.gl38.fr\/blog\/wp-json\/wp\/v2\/comments?post=2"}],"version-history":[{"count":2,"href":"https:\/\/www.gl38.fr\/blog\/wp-json\/wp\/v2\/pages\/2\/revisions"}],"predecessor-version":[{"id":8,"href":"https:\/\/www.gl38.fr\/blog\/wp-json\/wp\/v2\/pages\/2\/revisions\/8"}],"wp:attachment":[{"href":"https:\/\/www.gl38.fr\/blog\/wp-json\/wp\/v2\/media?parent=2"}],"curies":[{"name":"wp","href":"https:\/\/api.w.org\/{rel}","templated":true}]}}