{"id":22,"date":"2010-04-18T10:03:35","date_gmt":"2010-04-18T10:03:35","guid":{"rendered":"http:\/\/www.gl38.fr\/blog\/?page_id=22"},"modified":"2010-04-18T10:03:35","modified_gmt":"2010-04-18T10:03:35","slug":"billetterie","status":"publish","type":"page","link":"https:\/\/www.gl38.fr\/blog\/billetterie\/","title":{"rendered":"Billetterie"},"content":{"rendered":"<p>\u25ba <strong>par t\u00e9l\u00e9phone<\/strong> au 04 76 87 77 31 ou au 09 66 03 78 67<br \/>\nLe paiement est effectu\u00e9 en direct par carte bancaire.<\/p>\n<p>\u25ba <strong>\u00e0 l\u2019accueil du Mus\u00e9e<\/strong><br \/>\nle jour du concert : ouverture 45\u2019 avant le d\u00e9but du concert<\/p>\n<p>\u25ba <strong>au bureau de Mus\u00e9e en musique<\/strong><br \/>\nMus\u00e9e de Grenoble \u2013 5 place de Lavalette \u2013 Grenoble<br \/>\nLes lundi, mercredi, jeudi, vendredi : 10h30 \u2013 12h30 et 14h \u2013 18h30<\/p>\n<p>\u25ba <strong>\u00e0 la boutique Harmonia Mundi<\/strong><br \/>\n11, Grande Rue \u2013 Grenoble \u2013 04 76 00 12 40<br \/>\nlundi : 14h \u2013 19h \/ du mardi au samedi : 10h \u2013 19h<\/p>\n<p>\u25ba <strong>\u00e0 la FNAC<\/strong><br \/>\n4 rue F\u00e9lix Poulat &#8211; Grenoble<br \/>\ndu lundi au samedi 10h \u2013 19h<br \/>\n<a href=\"http:\/\/salle.fnacspectacles.com\/recherche\/rechercheDetail.do?codins=MUMUS\"><img decoding=\"async\" src=\"http:\/\/www.musee-en-musique.com\/img\/fnac.png\" alt=\"fnac\"><\/a> <\/p>\n","protected":false},"excerpt":{"rendered":"<p>\u25ba par t\u00e9l\u00e9phone au 04 76 87 77 31 ou au 09 66 03 78 67 Le paiement est effectu\u00e9 en direct par carte bancaire. \u25ba \u00e0 l\u2019accueil du Mus\u00e9e le jour du concert : ouverture 45\u2019 avant le d\u00e9but du concert \u25ba au bureau de Mus\u00e9e en musique Mus\u00e9e de Grenoble \u2013 5 place &hellip; <a href=\"https:\/\/www.gl38.fr\/blog\/billetterie\/\" class=\"more-link\">Continuer la lecture de <span class=\"screen-reader-text\">Billetterie<\/span> <span class=\"meta-nav\">&rarr;<\/span><\/a><\/p>\n","protected":false},"author":1,"featured_media":0,"parent":0,"menu_order":0,"comment_status":"open","ping_status":"open","template":"","meta":{"footnotes":""},"class_list":["post-22","page","type-page","status-publish","hentry"],"_links":{"self":[{"href":"https:\/\/www.gl38.fr\/blog\/wp-json\/wp\/v2\/pages\/22"}],"collection":[{"href":"https:\/\/www.gl38.fr\/blog\/wp-json\/wp\/v2\/pages"}],"about":[{"href":"https:\/\/www.gl38.fr\/blog\/wp-json\/wp\/v2\/types\/page"}],"author":[{"embeddable":true,"href":"https:\/\/www.gl38.fr\/blog\/wp-json\/wp\/v2\/users\/1"}],"replies":[{"embeddable":true,"href":"https:\/\/www.gl38.fr\/blog\/wp-json\/wp\/v2\/comments?post=22"}],"version-history":[{"count":1,"href":"https:\/\/www.gl38.fr\/blog\/wp-json\/wp\/v2\/pages\/22\/revisions"}],"predecessor-version":[{"id":23,"href":"https:\/\/www.gl38.fr\/blog\/wp-json\/wp\/v2\/pages\/22\/revisions\/23"}],"wp:attachment":[{"href":"https:\/\/www.gl38.fr\/blog\/wp-json\/wp\/v2\/media?parent=22"}],"curies":[{"name":"wp","href":"https:\/\/api.w.org\/{rel}","templated":true}]}}