{"id":27,"date":"2010-04-22T15:06:01","date_gmt":"2010-04-22T15:06:01","guid":{"rendered":"http:\/\/www.gl38.fr\/blog\/?page_id=27"},"modified":"2010-04-22T15:06:01","modified_gmt":"2010-04-22T15:06:01","slug":"le-coin-des-bibliothecaires","status":"publish","type":"page","link":"https:\/\/www.gl38.fr\/blog\/le-coin-des-bibliothecaires\/","title":{"rendered":"Le coin des biblioth\u00e9caires"},"content":{"rendered":"<p>Les enregistrements propos\u00e9s ont \u00e9t\u00e9 s\u00e9lectionn\u00e9s par les biblioth\u00e9caires du r\u00e9seau des biblioth\u00e8ques de la ville de Grenoble.<br \/>\nRendez-vous sur <a href=\"http:\/\/www.bm-grenoble.fr\">www.bm-grenoble.fr<\/a> afin de conna\u00eetre la disponibilit\u00e9 de ces disques. Les partitions  sont disponibles \u00e0 la biblioth\u00e8que du Conservatoire, avec la carte des biblioth\u00e8ques de Grenoble. \u00c0 vos instruments !<\/p>\n<p><strong>Robert Schumann<\/strong><br \/>\nSonate pour violon et piano n\u00b0 1 et 2<br \/>\nIlya Kaler, violon<br \/>\nBoriss Slutsky, piano<br \/>\nNaxos 1994<br \/>\n<strong>Biblioth\u00e8que Kateb Yacine<\/strong><\/p>\n<p><strong>Clara Schumann<\/strong><br \/>\n3 romances op. 22 (transcrites pour hautbois et piano)<br \/>\nLeonid Ogrintchouk, piano<br \/>\nAlexei Ogrintchouk, hautbois<br \/>\nHarmonia Mundi, 2003<br \/>\n<strong>Biblioth\u00e8que Conservatoire<br \/>\n<\/strong><br \/>\n<strong>Johannes Brahms<\/strong><br \/>\nSonate pour violon et piano n\u00b0 1, 2, 3<br \/>\nrenaud Capu\u00e7on, violon<br \/>\nNicholas Angelich, piano<br \/>\nVirgin Classics, 2005<br \/>\n<strong>Biblioth\u00e8que Centre Ville<br \/>\n<\/strong><\/p>\n","protected":false},"excerpt":{"rendered":"<p>Les enregistrements propos\u00e9s ont \u00e9t\u00e9 s\u00e9lectionn\u00e9s par les biblioth\u00e9caires du r\u00e9seau des biblioth\u00e8ques de la ville de Grenoble. Rendez-vous sur www.bm-grenoble.fr afin de conna\u00eetre la disponibilit\u00e9 de ces disques. Les partitions sont disponibles \u00e0 la biblioth\u00e8que du Conservatoire, avec la carte des biblioth\u00e8ques de Grenoble. \u00c0 vos instruments ! Robert Schumann Sonate pour violon et &hellip; <a href=\"https:\/\/www.gl38.fr\/blog\/le-coin-des-bibliothecaires\/\" class=\"more-link\">Continuer la lecture de <span class=\"screen-reader-text\">Le coin des biblioth\u00e9caires<\/span> <span class=\"meta-nav\">&rarr;<\/span><\/a><\/p>\n","protected":false},"author":1,"featured_media":0,"parent":0,"menu_order":0,"comment_status":"open","ping_status":"open","template":"","meta":{"footnotes":""},"class_list":["post-27","page","type-page","status-publish","hentry"],"_links":{"self":[{"href":"https:\/\/www.gl38.fr\/blog\/wp-json\/wp\/v2\/pages\/27"}],"collection":[{"href":"https:\/\/www.gl38.fr\/blog\/wp-json\/wp\/v2\/pages"}],"about":[{"href":"https:\/\/www.gl38.fr\/blog\/wp-json\/wp\/v2\/types\/page"}],"author":[{"embeddable":true,"href":"https:\/\/www.gl38.fr\/blog\/wp-json\/wp\/v2\/users\/1"}],"replies":[{"embeddable":true,"href":"https:\/\/www.gl38.fr\/blog\/wp-json\/wp\/v2\/comments?post=27"}],"version-history":[{"count":1,"href":"https:\/\/www.gl38.fr\/blog\/wp-json\/wp\/v2\/pages\/27\/revisions"}],"predecessor-version":[{"id":28,"href":"https:\/\/www.gl38.fr\/blog\/wp-json\/wp\/v2\/pages\/27\/revisions\/28"}],"wp:attachment":[{"href":"https:\/\/www.gl38.fr\/blog\/wp-json\/wp\/v2\/media?parent=27"}],"curies":[{"name":"wp","href":"https:\/\/api.w.org\/{rel}","templated":true}]}}