{"id":890,"date":"2014-11-13T13:00:11","date_gmt":"2014-11-13T13:00:11","guid":{"rendered":"http:\/\/www.gl38.fr\/blog\/?page_id=890"},"modified":"2014-11-13T13:00:40","modified_gmt":"2014-11-13T13:00:40","slug":"met-20142015","status":"publish","type":"page","link":"https:\/\/www.gl38.fr\/blog\/metropolitan\/met-20142015\/","title":{"rendered":"Met 2013\/2014"},"content":{"rendered":"<p>Saison 2013\/2014<br \/>\nAu cin\u00e9ma Path\u00e9 Chavant de Grenoble<br \/>\nPlaces num\u00e9rot\u00e9es r\u00e9serv\u00e9es \u00e0 tarif pr\u00e9f\u00e9rentiel aux adh\u00e9rents de Mus\u00e9e en musique.<br \/>\nen direct du Metropolitan Opera de New-York,<br \/>\nPascale Galliard, pr\u00e9sentation<\/p>\n<p>on\u00e9guine<br \/>\nTcha\u00efkovski : Eug\u00e8ne On\u00e9guine<\/p>\n<p>Samedi 5 Octobre 2013, 18h55<\/p>\n<p>Avec Anna Netrebko et Mariusz Kwiecien.<br \/>\nNouvelle production de Deborah Warner.<br \/>\nDirection : Valeri Guerguiev.<\/p>\n<p>nez<br \/>\nChostakovith : Le Nez<\/p>\n<p>Samedi 26 Octobre 2013, 18h55<\/p>\n<p>Avec Paulo Szot.<br \/>\nMise en sc\u00e8ne de William Kentridge.<br \/>\nDirection : Valeri Guerguiev.<\/p>\n<p>tosca<br \/>\nPuccini : Tosca<\/p>\n<p>Samedi 9 Novembre 2013, 18h55<\/p>\n<p>Avec Patricia Racette, Roberto Alagna et George Gagnidze.<\/p>\n<p>falstaff<br \/>\nVerdi : Falstaff<\/p>\n<p>Samedi 14 D\u00e9cembre 2013, 18h55<\/p>\n<p>Avec Ambrogio Maestri, Angela Meade, Stephanie Blythe, Lisette Oropesa, and Franco Vassallo.<br \/>\nDirection : James Levine.<\/p>\n<p>rusalka<br \/>\nDvo\u0159\u00e1k : Rusalka<\/p>\n<p>Samedi 8 F\u00e9vrier 2014, 18h55<\/p>\n<p>Avec Ren\u00e9e Fleming, Piotr Beczala, Dolora Zajick.<br \/>\nDirection : Yannick N\u00e9zet-S\u00e9guin.<\/p>\n<p>igor<br \/>\nBorodine : Le prince Igor<\/p>\n<p>Samedi 1er Mars 2014, 18h<\/p>\n<p>Nouvelle production de Dmitri Tcherniakov.<br \/>\nAvec Ildar Abdrazakov.<br \/>\nDirection : Gianandrea Noseda.<\/p>\n<p>werther<br \/>\nMassenet : Werther<\/p>\n<p>Samedi 15 Mars 2014, 18h55<\/p>\n<p>Avec Jonas Kaufmann et El\u012bna Garan\u010da.<br \/>\nMise en sc\u00e8ne et d\u00e9cors : Richard Eyre et Rob Howell.<br \/>\nDirection : Alain Altinoglu<\/p>\n<p>boheme<br \/>\nPuccini : La Boh\u00e8me<\/p>\n<p>Samedi 5 Avril 2014, 18h55<\/p>\n<p>Avec Anita Hartig et Vittorio Grigolo.<br \/>\nMise en sc\u00e8ne : Franco Zeffirelli.<\/p>\n<p>cosi<br \/>\nMozart : Cosi fan tutte<\/p>\n<p>Samedi 26 Avril 2014, 18h55<\/p>\n<p>Avec Susanna Phillips, Isabel Leonard, Matthew Polenzani, Rodion Pogossov et Danielle de Niese.<br \/>\nMise en sc\u00e8ne : Michael Mayer.<br \/>\nDirection : James Levine.<\/p>\n<p>cenerentola<br \/>\nRossini : La Cenerentola<\/p>\n<p>Samedi 10 Mai 2014, 18h55<\/p>\n<p>Avec Joyce DiDonato, Juan Diego Fl\u00f3rez, Alessandro Corbelli et Luca Pisaroni.<br \/>\nDirection : Fabio Luisi.<br \/>\nProgrammes, distribution et horaires sous r\u00e9serve de modifications<\/p>\n<p>tarifs mus\u00e9e en musique :<br \/>\nabonnement 10 repr\u00e9sentations 230 \u20ac<br \/>\nabonnement 5 repr\u00e9sentations 118 \u20ac<br \/>\n1 repr\u00e9sentation 29 \u20ac<\/p>\n","protected":false},"excerpt":{"rendered":"<p>Saison 2013\/2014 Au cin\u00e9ma Path\u00e9 Chavant de Grenoble Places num\u00e9rot\u00e9es r\u00e9serv\u00e9es \u00e0 tarif pr\u00e9f\u00e9rentiel aux adh\u00e9rents de Mus\u00e9e en musique. en direct du Metropolitan Opera de New-York, Pascale Galliard, pr\u00e9sentation on\u00e9guine Tcha\u00efkovski : Eug\u00e8ne On\u00e9guine Samedi 5 Octobre 2013, 18h55 Avec Anna Netrebko et Mariusz Kwiecien. Nouvelle production de Deborah Warner. Direction : Valeri Guerguiev. &hellip; <a href=\"https:\/\/www.gl38.fr\/blog\/metropolitan\/met-20142015\/\" class=\"more-link\">Continuer la lecture de <span class=\"screen-reader-text\">Met 2013\/2014<\/span> <span class=\"meta-nav\">&rarr;<\/span><\/a><\/p>\n","protected":false},"author":1,"featured_media":0,"parent":29,"menu_order":0,"comment_status":"open","ping_status":"open","template":"","meta":{"footnotes":""},"class_list":["post-890","page","type-page","status-publish","hentry"],"_links":{"self":[{"href":"https:\/\/www.gl38.fr\/blog\/wp-json\/wp\/v2\/pages\/890"}],"collection":[{"href":"https:\/\/www.gl38.fr\/blog\/wp-json\/wp\/v2\/pages"}],"about":[{"href":"https:\/\/www.gl38.fr\/blog\/wp-json\/wp\/v2\/types\/page"}],"author":[{"embeddable":true,"href":"https:\/\/www.gl38.fr\/blog\/wp-json\/wp\/v2\/users\/1"}],"replies":[{"embeddable":true,"href":"https:\/\/www.gl38.fr\/blog\/wp-json\/wp\/v2\/comments?post=890"}],"version-history":[{"count":2,"href":"https:\/\/www.gl38.fr\/blog\/wp-json\/wp\/v2\/pages\/890\/revisions"}],"predecessor-version":[{"id":892,"href":"https:\/\/www.gl38.fr\/blog\/wp-json\/wp\/v2\/pages\/890\/revisions\/892"}],"up":[{"embeddable":true,"href":"https:\/\/www.gl38.fr\/blog\/wp-json\/wp\/v2\/pages\/29"}],"wp:attachment":[{"href":"https:\/\/www.gl38.fr\/blog\/wp-json\/wp\/v2\/media?parent=890"}],"curies":[{"name":"wp","href":"https:\/\/api.w.org\/{rel}","templated":true}]}}